
{"id":2466,"date":"2025-01-25T00:32:45","date_gmt":"2025-01-25T00:32:45","guid":{"rendered":"https:\/\/www.vision.edu\/web\/?page_id=2466"},"modified":"2026-01-23T23:04:47","modified_gmt":"2026-01-23T23:04:47","slug":"vision-international-escuela-en-linea","status":"publish","type":"page","link":"https:\/\/www.vision.edu\/web\/vision-international-escuela-en-linea\/","title":{"rendered":"Visi\u00f3n International Escuela en L\u00ednea"},"content":{"rendered":"\t\t<div data-elementor-type=\"wp-post\" data-elementor-id=\"2466\" class=\"elementor elementor-2466\">\n\t\t\t\t<div class=\"elementor-element elementor-element-409096e e-flex e-con-boxed e-con e-parent\" data-id=\"409096e\" data-element_type=\"container\" data-e-type=\"container\" data-settings=\"{&quot;background_background&quot;:&quot;classic&quot;}\">\n\t\t\t\t\t<div class=\"e-con-inner\">\n\t\t<div class=\"elementor-element elementor-element-0f7df45 e-con-full e-flex e-con e-child\" data-id=\"0f7df45\" data-element_type=\"container\" data-e-type=\"container\">\n\t\t\t\t<div class=\"elementor-element elementor-element-1a3d74a elementor-widget elementor-widget-heading\" data-id=\"1a3d74a\" data-element_type=\"widget\" data-e-type=\"widget\" data-widget_type=\"heading.default\">\n\t\t\t\t<div class=\"elementor-widget-container\">\n\t\t\t\t\t<h2 class=\"elementor-heading-title elementor-size-default\">Visi\u00f3n International Escuela en L\u00ednea<br><span style=\"font-weight: normal\"><\/span><\/h2>\t\t\t\t<\/div>\n\t\t\t\t<\/div>\n\t\t\t\t<\/div>\n\t\t\t\t\t<\/div>\n\t\t\t\t<\/div>\n\t\t<div class=\"elementor-element elementor-element-8cea06b e-flex e-con-boxed e-con e-parent\" data-id=\"8cea06b\" data-element_type=\"container\" data-e-type=\"container\" data-settings=\"{&quot;background_background&quot;:&quot;classic&quot;}\">\n\t\t\t\t\t<div class=\"e-con-inner\">\n\t\t<div class=\"elementor-element elementor-element-89c6322 e-con-full e-flex e-con e-child\" data-id=\"89c6322\" data-element_type=\"container\" data-e-type=\"container\">\n\t\t\t\t<div class=\"elementor-element elementor-element-fbdc61f elementor-widget__width-initial elementor-widget elementor-widget-heading\" data-id=\"fbdc61f\" data-element_type=\"widget\" data-e-type=\"widget\" data-widget_type=\"heading.default\">\n\t\t\t\t<div class=\"elementor-widget-container\">\n\t\t\t\t\t<h2 class=\"elementor-heading-title elementor-size-default\">La Educaci\u00f3n Teol\u00f3gica \u00danica de Visi\u00f3n Internacional Busca el Equilibrio en Esp\u00edritu y en Verdad.<span style=\"color: var( --e-global-color-accent )\"><\/span><\/h2>\t\t\t\t<\/div>\n\t\t\t\t<\/div>\n\t\t\t\t<\/div>\n\t\t\t\t\t<\/div>\n\t\t\t\t<\/div>\n\t\t<div class=\"elementor-element elementor-element-0158bee e-flex e-con-boxed e-con e-parent\" data-id=\"0158bee\" data-element_type=\"container\" data-e-type=\"container\">\n\t\t\t\t\t<div class=\"e-con-inner\">\n\t\t<div class=\"elementor-element elementor-element-daad45f e-grid e-con-full e-con e-child\" data-id=\"daad45f\" data-element_type=\"container\" data-e-type=\"container\">\n\t\t<div class=\"elementor-element elementor-element-ba78034 e-con-full e-flex e-con e-child\" data-id=\"ba78034\" data-element_type=\"container\" data-e-type=\"container\">\n\t\t<div class=\"elementor-element elementor-element-917ac09 e-con-full e-flex e-con e-child\" data-id=\"917ac09\" data-element_type=\"container\" data-e-type=\"container\">\n\t\t\t\t<div class=\"elementor-element elementor-element-8881098 elementor-widget__width-initial elementor-widget elementor-widget-text-editor\" data-id=\"8881098\" data-element_type=\"widget\" data-e-type=\"widget\" data-widget_type=\"text-editor.default\">\n\t\t\t\t<div class=\"elementor-widget-container\">\n\t\t\t\t\t\t\t\t\t<p>Estamos trabajando en m\u00e1s de 150 pa\u00edses, reuniendo a personas de todas las culturas, idiomas y denominaciones para una experiencia educativa din\u00e1mica y atractiva que est\u00e1 cambiando el mundo.<\/p><h3>C\u00f3mo Funciona la Escuela de Ministros Visi\u00f3n Internacional<\/h3><p>Cada estudiante de la Escuela de Ministros Visi\u00f3n Internacional tiene una ruta personal y personalizada que est\u00e1 espec\u00edficamente construida para sus objetivos, nivel de habilidad y ritmo. Independientemente de d\u00f3nde se encuentren en todo el mundo, nuestros estudiantes reciben una educaci\u00f3n de calidad de maestros con licencia que siempre est\u00e1n disponibles a trav\u00e9s de canales en l\u00ednea. Estamos aqu\u00ed para brindarle la experiencia de aprendizaje flexible que necesita.<\/p><h3>Sobre Visi\u00f3n Internacional<\/h3><p>Visi\u00f3n Internacional ofrece programas de grado para estudiantes que buscan avance acad\u00e9mico y preparaci\u00f3n para el servicio profesional en el Ministerio Cristiano. VIU fue fundada como una instituci\u00f3n hermana de Vision International College Australia en 1990. Con sede administrativa en Ramona, CA, la instituci\u00f3n ofrece espec\u00edficamente educaci\u00f3n a distancia \/ en l\u00ednea flexible y asequible en una variedad de m\u00e9todos de entrega. Visi\u00f3n Internacional fue fundada para la educaci\u00f3n y la formaci\u00f3n tanto a nivel local como internacional. Desde el comienzo de la era del Nuevo Testamento, el Se\u00f1or ha usado la iglesia local y su liderazgo pastoral para ense\u00f1ar y entrenar a su pueblo para el servicio de Dios. La visi\u00f3n es un instrumento para ser utilizado por y para la iglesia local para cumplir con su llamado. El campus universitario y las oficinas administrativas se encuentran en Ramona (San Diego), California.<\/p><h3>La Misi\u00f3n<\/h3><p>La misi\u00f3n de Visi\u00f3n Internacional es educar y capacitar eficazmente, a trav\u00e9s de la educaci\u00f3n a distancia, hombres y mujeres llamados al servicio cristiano. El modelo acad\u00e9mico ser\u00e1 la educaci\u00f3n superior cristiana basada en la Biblia (de pregrado a posgrado), para preparar pastores cristianos, misioneros, l\u00edderes de la iglesia, educadores y otros profesionales para el liderazgo en varios campos del servicio cristiano. Esta misi\u00f3n se logra a trav\u00e9s de un curr\u00edculo de educaci\u00f3n a distancia centrado en Cristo, de excelencia acad\u00e9mica, investigaci\u00f3n intelectual, integridad espiritual y moral, y experiencia pr\u00e1ctica.<\/p>\t\t\t\t\t\t\t\t<\/div>\n\t\t\t\t<\/div>\n\t\t\t\t<\/div>\n\t\t\t\t<\/div>\n\t\t\t\t<\/div>\n\t\t\t\t\t<\/div>\n\t\t\t\t<\/div>\n\t\t<div class=\"elementor-element elementor-element-d54a080 e-flex e-con-boxed e-con e-parent\" data-id=\"d54a080\" data-element_type=\"container\" data-e-type=\"container\" data-settings=\"{&quot;background_background&quot;:&quot;classic&quot;}\">\n\t\t\t\t\t<div class=\"e-con-inner\">\n\t\t<div class=\"elementor-element elementor-element-712dce9 e-con-full e-flex e-con e-child\" data-id=\"712dce9\" data-element_type=\"container\" data-e-type=\"container\" data-settings=\"{&quot;background_background&quot;:&quot;classic&quot;}\">\n\t\t\t\t<div class=\"elementor-element elementor-element-0ec49f5 elementor-widget elementor-widget-heading\" data-id=\"0ec49f5\" data-element_type=\"widget\" data-e-type=\"widget\" data-widget_type=\"heading.default\">\n\t\t\t\t<div class=\"elementor-widget-container\">\n\t\t\t\t\t<h2 class=\"elementor-heading-title elementor-size-default\">Apply for VIU's Double Degree Program!<\/h2>\t\t\t\t<\/div>\n\t\t\t\t<\/div>\n\t\t\t\t<div class=\"elementor-element elementor-element-152582d elementor-widget__width-initial elementor-widget elementor-widget-text-editor\" data-id=\"152582d\" data-element_type=\"widget\" data-e-type=\"widget\" data-widget_type=\"text-editor.default\">\n\t\t\t\t<div class=\"elementor-widget-container\">\n\t\t\t\t\t\t\t\t\t<p class=\"p1\">Earn Your Bachelor of Ministry Degree + Master of Arts in <br \/>Business and Ministry Degree<\/p>\t\t\t\t\t\t\t\t<\/div>\n\t\t\t\t<\/div>\n\t\t\t\t<div class=\"elementor-element elementor-element-28c51a6 elementor-align-center elementor-widget elementor-widget-button\" data-id=\"28c51a6\" data-element_type=\"widget\" data-e-type=\"widget\" data-widget_type=\"button.default\">\n\t\t\t\t<div class=\"elementor-widget-container\">\n\t\t\t\t\t\t\t\t\t<div class=\"elementor-button-wrapper\">\n\t\t\t\t\t<a class=\"elementor-button elementor-button-link elementor-size-sm\" href=\"http:\/\/www.DoubleDegreeProgram.com\">\n\t\t\t\t\t\t<span class=\"elementor-button-content-wrapper\">\n\t\t\t\t\t\t\t\t\t<span class=\"elementor-button-text\">APPLY NOW<\/span>\n\t\t\t\t\t<\/span>\n\t\t\t\t\t<\/a>\n\t\t\t\t<\/div>\n\t\t\t\t\t\t\t\t<\/div>\n\t\t\t\t<\/div>\n\t\t\t\t<\/div>\n\t\t\t\t\t<\/div>\n\t\t\t\t<\/div>\n\t\t\t\t<\/div>\n\t\t","protected":false},"excerpt":{"rendered":"Visi\u00f3n International Escuela en L\u00ednea La Educaci\u00f3n Teol\u00f3gica \u00danica de Visi\u00f3n Internacional Busca el Equilibrio en Esp\u00edritu y en Verdad. Estamos trabajando en m\u00e1s de 150 pa\u00edses, reuniendo a personas de todas las culturas, idiomas y denominaciones para una experiencia educativa din\u00e1mica y atractiva que est\u00e1 cambiando el mundo.C\u00f3mo Funciona la Escuela de Ministros Visi\u00f3n [&hellip;]","protected":false},"author":4,"featured_media":0,"parent":0,"menu_order":0,"comment_status":"closed","ping_status":"closed","template":"elementor_canvas","meta":{"footnotes":""},"class_list":["post-2466","page","type-page","status-publish","hentry"],"yoast_head":"<!-- This site is optimized with the Yoast SEO Premium plugin v24.3 (Yoast SEO v24.3) - https:\/\/yoast.com\/wordpress\/plugins\/seo\/ -->\n<title>Visi\u00f3n International Escuela en L\u00ednea - Vision International University<\/title>\n<meta name=\"description\" content=\"At VIU, you can Save Time and Money On Your Online College Degree! Earn an affordable Christian ministry or business degree... on your time!\" \/>\n<meta name=\"robots\" content=\"index, follow, max-snippet:-1, max-image-preview:large, max-video-preview:-1\" \/>\n<link rel=\"canonical\" href=\"https:\/\/www.vision.edu\/web\/vision-international-escuela-en-linea\/\" \/>\n<meta property=\"og:locale\" content=\"en_US\" \/>\n<meta property=\"og:type\" content=\"article\" \/>\n<meta property=\"og:title\" content=\"Visi\u00f3n International Escuela en L\u00ednea\" \/>\n<meta property=\"og:description\" content=\"At VIU, you can Save Time and Money On Your Online College Degree! Earn an affordable Christian ministry or business degree... on your time!\" \/>\n<meta property=\"og:url\" content=\"https:\/\/www.vision.edu\/web\/vision-international-escuela-en-linea\/\" \/>\n<meta property=\"og:site_name\" content=\"Vision International University\" \/>\n<meta property=\"article:modified_time\" content=\"2026-01-23T23:04:47+00:00\" \/>\n<meta name=\"twitter:card\" content=\"summary_large_image\" \/>\n<meta name=\"twitter:label1\" content=\"Est. reading time\" \/>\n\t<meta name=\"twitter:data1\" content=\"2 minutes\" \/>\n<script type=\"application\/ld+json\" class=\"yoast-schema-graph\">{\"@context\":\"https:\/\/schema.org\",\"@graph\":[{\"@type\":\"WebPage\",\"@id\":\"https:\/\/www.vision.edu\/web\/vision-international-escuela-en-linea\/\",\"url\":\"https:\/\/www.vision.edu\/web\/vision-international-escuela-en-linea\/\",\"name\":\"Visi\u00f3n International Escuela en L\u00ednea - Vision International University\",\"isPartOf\":{\"@id\":\"https:\/\/www.vision.edu\/web\/#website\"},\"datePublished\":\"2025-01-25T00:32:45+00:00\",\"dateModified\":\"2026-01-23T23:04:47+00:00\",\"description\":\"At VIU, you can Save Time and Money On Your Online College Degree! Earn an affordable Christian ministry or business degree... on your time!\",\"breadcrumb\":{\"@id\":\"https:\/\/www.vision.edu\/web\/vision-international-escuela-en-linea\/#breadcrumb\"},\"inLanguage\":\"en-US\",\"potentialAction\":[{\"@type\":\"ReadAction\",\"target\":[\"https:\/\/www.vision.edu\/web\/vision-international-escuela-en-linea\/\"]}]},{\"@type\":\"BreadcrumbList\",\"@id\":\"https:\/\/www.vision.edu\/web\/vision-international-escuela-en-linea\/#breadcrumb\",\"itemListElement\":[{\"@type\":\"ListItem\",\"position\":1,\"name\":\"Home\",\"item\":\"https:\/\/www.vision.edu\/web\/\"},{\"@type\":\"ListItem\",\"position\":2,\"name\":\"Visi\u00f3n International Escuela en L\u00ednea\"}]},{\"@type\":\"WebSite\",\"@id\":\"https:\/\/www.vision.edu\/web\/#website\",\"url\":\"https:\/\/www.vision.edu\/web\/\",\"name\":\"Vision International University\",\"description\":\"\",\"publisher\":{\"@id\":\"https:\/\/www.vision.edu\/web\/#organization\"},\"potentialAction\":[{\"@type\":\"SearchAction\",\"target\":{\"@type\":\"EntryPoint\",\"urlTemplate\":\"https:\/\/www.vision.edu\/web\/?s={search_term_string}\"},\"query-input\":{\"@type\":\"PropertyValueSpecification\",\"valueRequired\":true,\"valueName\":\"search_term_string\"}}],\"inLanguage\":\"en-US\"},{\"@type\":\"Organization\",\"@id\":\"https:\/\/www.vision.edu\/web\/#organization\",\"name\":\"Vision International University\",\"url\":\"https:\/\/www.vision.edu\/web\/\",\"logo\":{\"@type\":\"ImageObject\",\"inLanguage\":\"en-US\",\"@id\":\"https:\/\/www.vision.edu\/web\/#\/schema\/logo\/image\/\",\"url\":\"https:\/\/www.vision.edu\/web\/wp-content\/uploads\/brizy\/1001\/assets\/images\/VIU-Logo.jpg\",\"contentUrl\":\"https:\/\/www.vision.edu\/web\/wp-content\/uploads\/brizy\/1001\/assets\/images\/VIU-Logo.jpg\",\"width\":951,\"height\":419,\"caption\":\"Vision International University\"},\"image\":{\"@id\":\"https:\/\/www.vision.edu\/web\/#\/schema\/logo\/image\/\"}}]}<\/script>\n<!-- \/ Yoast SEO Premium plugin. -->","yoast_head_json":{"title":"Visi\u00f3n International Escuela en L\u00ednea - Vision International University","description":"At VIU, you can Save Time and Money On Your Online College Degree! Earn an affordable Christian ministry or business degree... on your time!","robots":{"index":"index","follow":"follow","max-snippet":"max-snippet:-1","max-image-preview":"max-image-preview:large","max-video-preview":"max-video-preview:-1"},"canonical":"https:\/\/www.vision.edu\/web\/vision-international-escuela-en-linea\/","og_locale":"en_US","og_type":"article","og_title":"Visi\u00f3n International Escuela en L\u00ednea","og_description":"At VIU, you can Save Time and Money On Your Online College Degree! Earn an affordable Christian ministry or business degree... on your time!","og_url":"https:\/\/www.vision.edu\/web\/vision-international-escuela-en-linea\/","og_site_name":"Vision International University","article_modified_time":"2026-01-23T23:04:47+00:00","twitter_card":"summary_large_image","twitter_misc":{"Est. reading time":"2 minutes"},"schema":{"@context":"https:\/\/schema.org","@graph":[{"@type":"WebPage","@id":"https:\/\/www.vision.edu\/web\/vision-international-escuela-en-linea\/","url":"https:\/\/www.vision.edu\/web\/vision-international-escuela-en-linea\/","name":"Visi\u00f3n International Escuela en L\u00ednea - Vision International University","isPartOf":{"@id":"https:\/\/www.vision.edu\/web\/#website"},"datePublished":"2025-01-25T00:32:45+00:00","dateModified":"2026-01-23T23:04:47+00:00","description":"At VIU, you can Save Time and Money On Your Online College Degree! Earn an affordable Christian ministry or business degree... on your time!","breadcrumb":{"@id":"https:\/\/www.vision.edu\/web\/vision-international-escuela-en-linea\/#breadcrumb"},"inLanguage":"en-US","potentialAction":[{"@type":"ReadAction","target":["https:\/\/www.vision.edu\/web\/vision-international-escuela-en-linea\/"]}]},{"@type":"BreadcrumbList","@id":"https:\/\/www.vision.edu\/web\/vision-international-escuela-en-linea\/#breadcrumb","itemListElement":[{"@type":"ListItem","position":1,"name":"Home","item":"https:\/\/www.vision.edu\/web\/"},{"@type":"ListItem","position":2,"name":"Visi\u00f3n International Escuela en L\u00ednea"}]},{"@type":"WebSite","@id":"https:\/\/www.vision.edu\/web\/#website","url":"https:\/\/www.vision.edu\/web\/","name":"Vision International University","description":"","publisher":{"@id":"https:\/\/www.vision.edu\/web\/#organization"},"potentialAction":[{"@type":"SearchAction","target":{"@type":"EntryPoint","urlTemplate":"https:\/\/www.vision.edu\/web\/?s={search_term_string}"},"query-input":{"@type":"PropertyValueSpecification","valueRequired":true,"valueName":"search_term_string"}}],"inLanguage":"en-US"},{"@type":"Organization","@id":"https:\/\/www.vision.edu\/web\/#organization","name":"Vision International University","url":"https:\/\/www.vision.edu\/web\/","logo":{"@type":"ImageObject","inLanguage":"en-US","@id":"https:\/\/www.vision.edu\/web\/#\/schema\/logo\/image\/","url":"https:\/\/www.vision.edu\/web\/wp-content\/uploads\/brizy\/1001\/assets\/images\/VIU-Logo.jpg","contentUrl":"https:\/\/www.vision.edu\/web\/wp-content\/uploads\/brizy\/1001\/assets\/images\/VIU-Logo.jpg","width":951,"height":419,"caption":"Vision International University"},"image":{"@id":"https:\/\/www.vision.edu\/web\/#\/schema\/logo\/image\/"}}]}},"_links":{"self":[{"href":"https:\/\/www.vision.edu\/web\/wp-json\/wp\/v2\/pages\/2466","targetHints":{"allow":["GET"]}}],"collection":[{"href":"https:\/\/www.vision.edu\/web\/wp-json\/wp\/v2\/pages"}],"about":[{"href":"https:\/\/www.vision.edu\/web\/wp-json\/wp\/v2\/types\/page"}],"author":[{"embeddable":true,"href":"https:\/\/www.vision.edu\/web\/wp-json\/wp\/v2\/users\/4"}],"replies":[{"embeddable":true,"href":"https:\/\/www.vision.edu\/web\/wp-json\/wp\/v2\/comments?post=2466"}],"version-history":[{"count":17,"href":"https:\/\/www.vision.edu\/web\/wp-json\/wp\/v2\/pages\/2466\/revisions"}],"predecessor-version":[{"id":3958,"href":"https:\/\/www.vision.edu\/web\/wp-json\/wp\/v2\/pages\/2466\/revisions\/3958"}],"wp:attachment":[{"href":"https:\/\/www.vision.edu\/web\/wp-json\/wp\/v2\/media?parent=2466"}],"curies":[{"name":"wp","href":"https:\/\/api.w.org\/{rel}","templated":true}]}}